{"id":1781,"date":"2023-09-12T10:07:06","date_gmt":"2023-09-12T08:07:06","guid":{"rendered":"https:\/\/villaggioevanike.it\/cookie-policy\/"},"modified":"2026-01-20T11:04:25","modified_gmt":"2026-01-20T10:04:25","slug":"cookie-policy","status":"publish","type":"page","link":"https:\/\/villaggioevanike.it\/de\/cookie-policy\/","title":{"rendered":"Cookie Policy"},"content":{"rendered":"\t\t<div data-elementor-type=\"wp-page\" data-elementor-id=\"1781\" class=\"elementor elementor-1781 elementor-1280\">\n\t\t\t\t\t\t<section class=\"elementor-section elementor-top-section elementor-element elementor-element-6488f32 elementor-section-boxed elementor-section-height-default elementor-section-height-default\" data-id=\"6488f32\" data-element_type=\"section\" data-e-type=\"section\">\n\t\t\t\t\t\t<div class=\"elementor-container elementor-column-gap-default\">\n\t\t\t\t\t<div class=\"elementor-column elementor-col-100 elementor-top-column elementor-element elementor-element-37a4605\" data-id=\"37a4605\" data-element_type=\"column\" data-e-type=\"column\">\n\t\t\t<div class=\"elementor-widget-wrap elementor-element-populated\">\n\t\t\t\t\t\t<div class=\"elementor-element elementor-element-30ab8ea elementor-widget elementor-widget-heading\" data-id=\"30ab8ea\" data-element_type=\"widget\" data-e-type=\"widget\" data-widget_type=\"heading.default\">\n\t\t\t\t<div class=\"elementor-widget-container\">\n\t\t\t\t\t<h2 class=\"elementor-heading-title elementor-size-default\">Cookie<\/h2>\t\t\t\t<\/div>\n\t\t\t\t<\/div>\n\t\t\t\t\t<\/div>\n\t\t<\/div>\n\t\t\t\t\t<\/div>\n\t\t<\/section>\n\t\t\t\t<section class=\"elementor-section elementor-top-section elementor-element elementor-element-7406978 elementor-section-boxed elementor-section-height-default elementor-section-height-default\" data-id=\"7406978\" data-element_type=\"section\" data-e-type=\"section\">\n\t\t\t\t\t\t<div class=\"elementor-container elementor-column-gap-default\">\n\t\t\t\t\t<div class=\"elementor-column elementor-col-100 elementor-top-column elementor-element elementor-element-ce906d4\" data-id=\"ce906d4\" data-element_type=\"column\" data-e-type=\"column\">\n\t\t\t<div class=\"elementor-widget-wrap elementor-element-populated\">\n\t\t\t\t\t\t<div class=\"elementor-element elementor-element-88b68fc elementor-widget elementor-widget-text-editor\" data-id=\"88b68fc\" data-element_type=\"widget\" data-e-type=\"widget\" data-widget_type=\"text-editor.default\">\n\t\t\t\t<div class=\"elementor-widget-container\">\n\t\t\t\t\t\t\t\t\t<h2>Cookie-Erkl\u00e4rung<\/h2>\nCookies sind kleine Textdateien, die auf Ihrem Computer abgelegt werden, wenn Sie bestimmte Websites besuchen. Websites verwenden Cookies, um Benutzern das Navigieren auf einer Website zu erleichtern und das Ausf\u00fchren bestimmter Funktionen zu erm\u00f6glichen. Cookies, die f\u00fcr den ordnungsgem\u00e4\u00dfen Betrieb der Website erforderlich sind, d\u00fcrfen ohne Ihre Einwilligung gesetzt werden. Allen anderen Cookies muss erst zugestimmt werden, bevor sie im Browser gesetzt werden k\u00f6nnen.\nSie k\u00f6nnen Ihre Einwilligung zur Verwendung von Cookies auf unserer Website jederzeit in der Datenschutzerkl\u00e4rung \u00e4ndern.\n\n&nbsp;\n<h3>VON DIESER WEBSITE VERWENDETE COOKIES UND DEREN ZWECK<\/h3>\nNachfolgend finden Sie die Informationen und Einstellungen der auf dieser Website verwendeten Cookies.\n\nSie k\u00f6nnen Cookies nach Ihren W\u00fcnschen aktivieren oder deaktivieren.\n\n<script type=\"text\/javascript\" charset=\"UTF-8\"  data-cookiescriptreport=\"report\" src=\"\/\/report.cookie-script.com\/r\/632979ad19896ab46822124ccd8b4b7b.js\"><\/script>\t\t\t\t\t\t\t\t<\/div>\n\t\t\t\t<\/div>\n\t\t\t\t\t<\/div>\n\t\t<\/div>\n\t\t\t\t\t<\/div>\n\t\t<\/section>\n\t\t\t\t<\/div>\n\t\t","protected":false},"excerpt":{"rendered":"<p>Cookie Cookie-Erkl\u00e4rung Cookies sind kleine Textdateien, die auf Ihrem Computer abgelegt werden, wenn Sie bestimmte Websites besuchen. Websites verwenden Cookies, um Benutzern das Navigieren auf einer Website zu erleichtern und das Ausf\u00fchren bestimmter Funktionen zu erm\u00f6glichen. Cookies, die f\u00fcr den ordnungsgem\u00e4\u00dfen Betrieb der Website erforderlich sind, d\u00fcrfen ohne Ihre Einwilligung gesetzt werden. Allen anderen Cookies&#8230;<\/p>\n","protected":false},"author":5,"featured_media":0,"parent":0,"menu_order":0,"comment_status":"closed","ping_status":"closed","template":"elementor_header_footer","meta":{"footnotes":""},"class_list":["post-1781","page","type-page","status-publish","hentry"],"_links":{"self":[{"href":"https:\/\/villaggioevanike.it\/de\/wp-json\/wp\/v2\/pages\/1781","targetHints":{"allow":["GET"]}}],"collection":[{"href":"https:\/\/villaggioevanike.it\/de\/wp-json\/wp\/v2\/pages"}],"about":[{"href":"https:\/\/villaggioevanike.it\/de\/wp-json\/wp\/v2\/types\/page"}],"author":[{"embeddable":true,"href":"https:\/\/villaggioevanike.it\/de\/wp-json\/wp\/v2\/users\/5"}],"replies":[{"embeddable":true,"href":"https:\/\/villaggioevanike.it\/de\/wp-json\/wp\/v2\/comments?post=1781"}],"version-history":[{"count":8,"href":"https:\/\/villaggioevanike.it\/de\/wp-json\/wp\/v2\/pages\/1781\/revisions"}],"predecessor-version":[{"id":2252,"href":"https:\/\/villaggioevanike.it\/de\/wp-json\/wp\/v2\/pages\/1781\/revisions\/2252"}],"wp:attachment":[{"href":"https:\/\/villaggioevanike.it\/de\/wp-json\/wp\/v2\/media?parent=1781"}],"curies":[{"name":"wp","href":"https:\/\/api.w.org\/{rel}","templated":true}]}}